{"id":238,"date":"2014-07-29T22:53:36","date_gmt":"2014-07-29T20:53:36","guid":{"rendered":"http:\/\/www.florin.it\/?page_id=238"},"modified":"2014-07-29T23:50:11","modified_gmt":"2014-07-29T21:50:11","slug":"elenco-siti","status":"publish","type":"page","link":"https:\/\/www.florin.it\/?page_id=238","title":{"rendered":"Elenco siti"},"content":{"rendered":"<p style=\"color: #ffffff; text-align: center;\"><img loading=\"lazy\" style=\"color: #000000;\" src=\"http:\/\/www.florin.it\/images\/xlink.gif.pagespeed.ic.S1Hfzu5XfG.png\" alt=\"\" width=\"103\" height=\"25\" \/><\/p>\n<p style=\"color: #ffffff; text-align: center;\"><strong style=\"color: #808080;\">Elenco dei siti amici che siamo felici di ospitare sulle nostre pagine. Se anche tu vuoi aggiungere il tuo sito a Florin.it utilizza il form automatico di segnalazione, cliccando\u00a0<span style=\"color: #ffcc00;\"><a style=\"color: #efb525;\" title=\"Aggiungi il tuo sito\" href=\"http:\/\/www.florin.it\/?page_id=248\"><span style=\"color: #ffcc00;\">qui<\/span><\/a><\/span>.<\/strong><\/p>\n<p style=\"color: #ffffff; text-align: center;\"><span style=\"color: #555555;\"><form method=\"get\" id=\"llsearch\">\n<div>\n<input type='text' onfocus=\"this.value=''\" value='Search...' name='searchll' id='searchll' \/><input type='submit' id='searchbutton' value='Cerca' \/><\/div>\n<\/form>\n\n<script type='text\/javascript'>\njQuery(document).ready(function () {\n\tjQuery('#searchbutton').click(function () {\n\t\tif (jQuery('#searchll').val() == 'Search...') {\n\t\t\treturn false;\n\t\t}\n\t\telse {\n\t\t\tjQuery('#llsearch').submit();\n\t\t}\n\t});\n\tjQuery('#resetbutton').click(function () {\n\t\twindow.location.href = 'https:\/\/www.florin.it\/?page_id=238';\n\t\treturn false;\n\t});\n});\n<\/script><\/span><\/p>\n<p style=\"color: #ffffff; text-align: center;\"><span style=\"color: #555555;\"><!-- Link Library Categories Output -->\n\n<div id=\"linktable\" class=\"linktable\"><table width=\"100%\">\n<tr>\n\t<td><span class=\"emptycat\"><span class=\"linkcatname\">Blog<span class=\"linkcatcount\"> (0)<\/span><\/span><\/td>\n\t<td><span class=\"emptycat\"><span class=\"linkcatname\">Computer<span class=\"linkcatcount\"> (0)<\/span><\/span><\/td>\n\t<td><span class=\"emptycat\"><span class=\"linkcatname\">Console<span class=\"linkcatcount\"> (0)<\/span><\/span><\/td>\n\t<td><span class=\"emptycat\"><span class=\"linkcatname\">Fantascienza<span class=\"linkcatcount\"> (0)<\/span><\/span><\/td>\n<\/tr>\n<tr>\n\t<td><a href=\"?linkresultpage=1#fantasy\"><span class=\"linkcatname\">Fantasy<span class=\"linkcatcount\"> (1)<\/span><\/span><\/a><\/td>\n\t<td><span class=\"emptycat\"><span class=\"linkcatname\">Fumetti<span class=\"linkcatcount\"> (0)<\/span><\/span><\/td>\n\t<td><a href=\"?linkresultpage=1#giochi-di-ruolo\"><span class=\"linkcatname\">Giochi di ruolo<span class=\"linkcatcount\"> (3)<\/span><\/span><\/a><\/td>\n\t<td><a href=\"?linkresultpage=1#horror\"><span class=\"linkcatname\">Horror<span class=\"linkcatcount\"> (1)<\/span><\/span><\/a><\/td>\n<\/tr>\n<tr>\n\t<td><a href=\"?linkresultpage=1#internet\"><span class=\"linkcatname\">Internet<span class=\"linkcatcount\"> (2)<\/span><\/span><\/a><\/td>\n\t<td><a href=\"?linkresultpage=1#siti-personali\"><span class=\"linkcatname\">Siti personali<span class=\"linkcatcount\"> (1)<\/span><\/span><\/a><\/td>\n\t<td><span class=\"emptycat\"><span class=\"linkcatname\">Videogiochi<span class=\"linkcatcount\"> (0)<\/span><\/span><\/td>\n<\/tr>\n<\/table>\n<\/div>\n\n<!-- End of Link Library Categories Output -->\n\n<\/span><\/p>\n<p style=\"color: #ffffff; text-align: center;\"><span style=\"color: #555555;\">\n<!-- Beginning of Link Library Output -->\n\n<div id='linklist1' class='linklist'><!-- Div Linklist -->\n<div class=\"LinkLibraryCat LinkLibraryCat166 level0\"><!-- Div Category --><div id=\"fantasy\"><!-- Div Category Name --><div class=\"linklistcatname\"><!-- Div Cat Name --><span class=\"linklistcatclass\">Fantasy<\/span><\/div><!-- DivOrHeader --><\/div><!-- Div Category Name -->\n\t<table class='linklisttable'>\n<div class=\"linklisttableheaders\"><tr><\/tr><\/div>\n<li><a href=\"http:\/\/www.damasrei.it\" id=\"link-522\" class=\"track_this_link \" rel=\"noopener noreferrer\" target=\"_blank\">Damas rei<\/a>\n  (17 Luglio 2018 21:45)\n<br \/><br \/>Damas rei, gioco di ruolo online gratuito play by chat, via browser, con ambientazione fantasy medievale. Interpreta un personaggio di fantasia scegliendo tra umani, elfi, fate, nani, ninfe, vampiri e tanti altri, e vivi la tua vita, ricca di incredibili avventure, in un regno magico!\n<br \/><br \/>Valutazione: 10<\/li>\n\t<\/table>\n<\/div><!-- Div End Category -->\n<div class=\"LinkLibraryCat LinkLibraryCat167 level0\"><!-- Div Category --><div id=\"giochi-di-ruolo\"><!-- Div Category Name --><div class=\"linklistcatname\"><!-- Div Cat Name --><span class=\"linklistcatclass\">Giochi di ruolo<\/span><\/div><!-- DivOrHeader --><\/div><!-- Div Category Name -->\n\t<table class='linklisttable'>\n<div class=\"linklisttableheaders\"><tr><\/tr><\/div>\n<li><a href=\"http:\/\/www.absyntha.tk\" id=\"link-525\" class=\"track_this_link \" rel=\"noopener noreferrer\">AbsynthA GdR Sci-Fi<\/a>\n  (17 Luglio 2018 21:45)\n<br \/><br \/>Si tratta di un progetto sci-fi ambientato in un futuro ancora lontano, che facilmente ricorder\u00e0 a chi la conosce un\u2019atmosfera \u2018Asimoviana\u2019, dove l\u2019umanit\u00e0 \u00e8 costretta (causa le guerre atomiche del passato) ad emigrare in un altro sistema stellare chiamato Tau Ceti ai confini della nostra galassia. Il GdR \u00e8 basato su di una piattaforma play by chat notevolmente aggiornata, e permette oltre alle classiche funzioni tipiche del gioco da tavolo (scheda personaggio, sistema di statistiche, gioco basato sul tiro del dado etc.) anche la costruzione di edifici privati e pubblici, l\u2019integrazione di lavori \u2018indipendenti\u2019 e coloniali, in un contesto di colonizzazione che contrappone l\u2019espansionismo militare dei Crociati del nuovo mondo al mite e flessibile pensiero della Cancelleria coloniale.\r\n\r\nLa Terra come la conosciamo \u00e8 stata distrutta dalle guerre atomiche del passato, portando i popoli superstiti a chiudersi in enormi bolle splendenti per secoli in un estremo tentativo di sopravvivenza. Da questa tendenza dispersionista nasceranno le due etnie cardine della specie umana, quella Ariana e quella Euroasiatica, la prima caratterizzata da una profonda purezza di stirpe (frutto della deriva genetica della popolazione, che sub\u00ec cos\u00ec il cosiddetto \u2018effetto del fondatore\u2019), la seconda invece pi\u00f9 eterogenea e comprendente individui provenienti dalle stirpe antiche pi\u00f9 disparate.\r\nQuando le risorse planetarie smisero di soddisfare le esigenze dei terrestri, questi ultimi furono costretti al viaggio della speranza verso Tau Ceti che, come sappiamo, ebbe ottimi esiti. Nonostante questo il futuro dell\u2019umana stirpe non \u00e8 ancora nitido, e poco pi\u00f9 di un secolo li separa dal loro arrivo sul nuovo pianeta-colonia. Qui, ogni giorno, continuano a sbarcare nuovi coloni, provenienti da un pianeta ormai in lenta catalisi.\r\nNuova Terra \u00e8 ricca, prospera, e accoglie tutti; i vecchi abitanti del pianeta, tuttavia, sembrano aver accolto solo in parte la presenza umana.\n<br \/><br \/>Valutazione: 0<\/li>\n<li><a href=\"http:\/\/hogwarts.florin.it\" id=\"link-523\" class=\"track_this_link \" rel=\"noopener noreferrer\" target=\"_blank\">Hogwarts Castle<\/a>\n  (17 Luglio 2018 21:45)\n<br \/><br \/>Hogwarts Castle \u00cb uno splendido gioco di ruolo online, completamente gratuito, ambientato nel magico mondo di Harry Potter dove poter creare il proprio personaggio, frequentare la famosa scuola di magia di Hogwarts e affrontare incredibili avventure contro Voldemort ed i suoi mangiamorte.\n<br \/><br \/>Valutazione: 10<\/li>\n<li><a href=\"http:\/\/www.westgdr.com\" id=\"link-524\" class=\"track_this_link \" rel=\"noopener noreferrer\">West!<\/a>\n  (17 Luglio 2018 21:45)\n<br \/><br \/>come vincere casino online gratis con bonus senza depositohow to win online casino free bonus no deposit\n<br \/><br \/>Valutazione: 0<\/li>\n\t<\/table>\n<\/div><!-- Div End Category -->\n<div class=\"LinkLibraryCat LinkLibraryCat172 level0\"><!-- Div Category --><div id=\"horror\"><!-- Div Category Name --><div class=\"linklistcatname\"><!-- Div Cat Name --><span class=\"linklistcatclass\">Horror<\/span><\/div><!-- DivOrHeader --><\/div><!-- Div Category Name -->\n\t<table class='linklisttable'>\n<div class=\"linklisttableheaders\"><tr><\/tr><\/div>\n<li><a href=\"http:\/\/obscuritas.florin.it\" id=\"link-521\" class=\"track_this_link \" rel=\"noopener noreferrer\" target=\"_blank\">Obscuritas<\/a>\n  (17 Luglio 2018 21:45)\n<br \/><br \/>Gioco di ruolo online via browser, con ambientazione horror moderno, completamente gratuito. Affronta il pericolo ed il terrore che si celano nelle tenebre, sconfiggi spiriti e fantasmi; sopravvivi in un luogo fuori dallo spazio e dal tempo, dove la ragione umana si perde inesorabilmente tra le nebbie del male.\n<br \/><br \/>Valutazione: 10<\/li>\n\t<\/table>\n<\/div><!-- Div End Category -->\n<div class=\"LinkLibraryCat LinkLibraryCat173 level0\"><!-- Div Category --><div id=\"internet\"><!-- Div Category Name --><div class=\"linklistcatname\"><!-- Div Cat Name --><span class=\"linklistcatclass\">Internet<\/span><\/div><!-- DivOrHeader --><\/div><!-- Div Category Name -->\n\t<table class='linklisttable'>\n<div class=\"linklisttableheaders\"><tr><\/tr><\/div>\n<li><a href=\"http:\/\/www.lucidaturaparquet.com\/\" id=\"link-527\" class=\"track_this_link \" rel=\"noopener noreferrer\">lamatura ,lucidatura,levgatura pavimento marmi o parquet<\/a>\n  (17 Luglio 2018 21:45)\n<br \/><br \/>lamatura ,lucidatura,levgatura pavimento marmi o parquet \r\nVolete verniciare il vostro parquet? il vostro parquet \u00e8 graffiato?Si \u00e8 sollevato il pavimento in legno?se ci sono le machie sul votro parquet? se cercate un   marmista o parquettista  che esegua lavori di lamatura e lucidatura e levgatura e vernicatura pavimenti marmi o parquet \r\n darci un colpo di telefono al 3341550371 o richiedere un preventivo via mail ad info@marmieparquet.it  sito web  ,http:\/\/www.lucidaturaparquet.com\/\n<br \/><br \/>Valutazione: 0<\/li>\n<li><a href=\"http:\/\/amiciziaecuoreweb.altervista.org\/\" id=\"link-526\" class=\"track_this_link \" rel=\"noopener noreferrer\">Radio Amicizia e Cuore<\/a>\n  (17 Luglio 2018 21:45)\n<br \/><br \/>Questa non \u00e8 solo una Radio \u00e8 molto di piu', \u00e8 una famiglia virtuale, se anche tu vuoi far parte del nostro Staff contattaci.La pagina dove \u00e8 stato inserito il banner \u00e8 la seguente http:\/\/amiciziaecuoreweb.altervista.org\/siti-affiliati\n<br \/><br \/>Valutazione: 0<\/li>\n\t<\/table>\n<\/div><!-- Div End Category -->\n<div class=\"LinkLibraryCat LinkLibraryCat170 level0\"><!-- Div Category --><div id=\"siti-personali\"><!-- Div Category Name --><div class=\"linklistcatname\"><!-- Div Cat Name --><span class=\"linklistcatclass\">Siti personali<\/span><\/div><!-- DivOrHeader --><\/div><!-- Div Category Name -->\n\t<table class='linklisttable'>\n<div class=\"linklisttableheaders\"><tr><\/tr><\/div>\n<li><a href=\"http:\/\/www.marmieparquet.it\/\" id=\"link-528\" class=\"track_this_link \" rel=\"noopener noreferrer\">Lucidatura levigatura Marmi e parquet<\/a>\n  (17 Luglio 2018 21:45)\n<br \/><br \/>Lucidatura levigatura Marmi e parquet\r\nLEVIGATURA,TRATTARE, LAMATURA, LUCIDATURA, LUCIDARE E LAMARE PAVIMENTI IN LEGNO PARQUET E MARMI\r\nIl vostro parquet \u00e8 graffiato? Si \u00e8 sollevato il pavimento in legno? Volete verniciare il vostro parquet? Volete lucidare il vostro marmi?\r\nPotete vedere nostra oufferta su:\r\n\u2022\tsito web http:\/\/www.marmieparquet.it\/\r\n\u2022\tEmail info@marmieparquet.it\r\n\u2022\tTe:+393341550371 \r\n\n<br \/><br \/>Valutazione: 0<\/li>\n\t<\/table>\n<\/div><!-- Div End Category -->\n<script type=\"text\/javascript\">\nvar ajaxobject;\nif(typeof showLinkCat1 !== 'function'){\nwindow.showLinkCat1 = function ( _incomingID, _settingsID, _pagenumber, _searchll ) {\nif (typeof(ajaxobject) != \"undefined\") { ajaxobject.abort(); }\n\tjQuery('#contentLoading1').toggle();jQuery.ajax( {    type: 'POST',     url: 'https:\/\/www.florin.it\/wp-admin\/admin-ajax.php',     data: { action: 'link_library_ajax_update',             _ajax_nonce: '0f6bb19cf7',             id : _incomingID,             settings : _settingsID,             ajaxupdate : true,             searchll : _searchll,             linkresultpage: _pagenumber },     success: function( data ){             jQuery('#linklist1').html( data );             jQuery('#contentLoading1').toggle();\n            } } ); }\n}\n<\/script>\n\n<script type='text\/javascript'>\njQuery(document).ready(function()\n{\njQuery('.arrow-up').hide();\njQuery('#linklist1 a.track_this_link').click(function() {\nlinkid = this.id;\nlinkid = linkid.substring(5);\npath = '';\njQuery.ajax( {    type: 'POST',    url: 'https:\/\/www.florin.it\/wp-admin\/admin-ajax.php',     data: { action: 'link_library_tracker',             _ajax_nonce: '18290bc729',             id:linkid, xpath:path }     });\nreturn true;\n});\njQuery('#linklist1 .expandlinks').click(function() {\ntarget = '.' + jQuery(this).attr('id');\nsubcattarget = '.' + jQuery(this).attr('data-subcat');\nif ( jQuery( target ).is(':visible') ) {\njQuery(target).slideUp();\njQuery(subcattarget).slideToggle();\njQuery(this).children('img').attr('src', 'https:\/\/www.florin.it\/wp-content\/plugins\/link-library\/icons\/expand-32.png');\n} else {\njQuery(target).slideDown();\njQuery(subcattarget).slideToggle();\njQuery(this).children('img').attr('src', 'https:\/\/www.florin.it\/wp-content\/plugins\/link-library\/icons\/collapse-32.png');\n}\n});\njQuery('#linklist1 .linklistcatclass').click(function() {\njQuery(this).siblings('.expandlinks').click();\n});\njQuery('#linklist1 .linklistcatnamedesc').click(function() {\njQuery(this).siblings('.expandlinks').click();\n});\n});\n<\/script>\n<\/div><!-- Div Linklist -->\n<!-- End of Link Library Output -->\n\n<\/span><\/p>\n","protected":false},"excerpt":{"rendered":"<p>Elenco dei siti amici che siamo felici di ospitare sulle nostre pagine. Se anche tu vuoi aggiungere il tuo sito a Florin.it utilizza il form automatico di segnalazione, cliccando\u00a0qui.<\/p>\n","protected":false},"author":1,"featured_media":0,"parent":0,"menu_order":0,"comment_status":"closed","ping_status":"closed","template":"","meta":[],"_links":{"self":[{"href":"https:\/\/www.florin.it\/index.php?rest_route=\/wp\/v2\/pages\/238"}],"collection":[{"href":"https:\/\/www.florin.it\/index.php?rest_route=\/wp\/v2\/pages"}],"about":[{"href":"https:\/\/www.florin.it\/index.php?rest_route=\/wp\/v2\/types\/page"}],"author":[{"embeddable":true,"href":"https:\/\/www.florin.it\/index.php?rest_route=\/wp\/v2\/users\/1"}],"replies":[{"embeddable":true,"href":"https:\/\/www.florin.it\/index.php?rest_route=%2Fwp%2Fv2%2Fcomments&post=238"}],"version-history":[{"count":12,"href":"https:\/\/www.florin.it\/index.php?rest_route=\/wp\/v2\/pages\/238\/revisions"}],"predecessor-version":[{"id":241,"href":"https:\/\/www.florin.it\/index.php?rest_route=\/wp\/v2\/pages\/238\/revisions\/241"}],"wp:attachment":[{"href":"https:\/\/www.florin.it\/index.php?rest_route=%2Fwp%2Fv2%2Fmedia&parent=238"}],"curies":[{"name":"wp","href":"https:\/\/api.w.org\/{rel}","templated":true}]}}