{"id":25,"date":"2014-06-13T19:37:27","date_gmt":"2014-06-13T17:37:27","guid":{"rendered":"http:\/\/www.florin.it\/?page_id=25"},"modified":"2014-06-16T15:48:40","modified_gmt":"2014-06-16T13:48:40","slug":"damas-rei","status":"publish","type":"page","link":"https:\/\/www.florin.it\/?page_id=25","title":{"rendered":"Damas Rei"},"content":{"rendered":"<div id=\"attachment_26\" style=\"width: 410px\" class=\"wp-caption aligncenter\"><a href=\"http:\/\/www.florin.it\/wp-content\/uploads\/2014\/06\/damas.jpg\"><img aria-describedby=\"caption-attachment-26\" loading=\"lazy\" class=\"size-full wp-image-26\" src=\"http:\/\/www.florin.it\/wp-content\/uploads\/2014\/06\/damas.jpg\" alt=\"Home page di Damas Rei\" width=\"400\" height=\"294\" srcset=\"https:\/\/www.florin.it\/wp-content\/uploads\/2014\/06\/damas.jpg 400w, https:\/\/www.florin.it\/wp-content\/uploads\/2014\/06\/damas-300x220.jpg 300w\" sizes=\"(max-width: 400px) 100vw, 400px\" \/><\/a><p id=\"caption-attachment-26\" class=\"wp-caption-text\">Home page di Damas Rei<\/p><\/div>\n<p>&nbsp;<\/p>\n<p style=\"text-align: justify;\"><span style=\"color: #800000;\"><strong>Descrizione:<\/strong><\/span><br \/>\n<span style=\"color: #c0c0c0;\">\u00a0\u00a0\u00a0\u00a0\u00a0\u00a0\u00a0\u00a0\u00a0\u00a0\u00a0\u00a0\u00a0\u00a0\u00a0\u00a0\u00a0\u00a0 \u00a0<\/span><br \/>\n<span style=\"color: #c0c0c0;\">\u00a0\u00a0\u00a0\u00a0\u00a0\u00a0\u00a0\u00a0\u00a0\u00a0\u00a0\u00a0\u00a0\u00a0\u00a0\u00a0\u00a0\u00a0\u00a0 &#8220;Egli fece <strong>Damas<\/strong> e la popol\u00f2 di tanti esseri viventi: cre\u00f2 la terra, gli alberi, le piante e maestose creature che poteano librarsi nell&#8217;aere o muoversi al suolo. E questi vissero, e donarono sempre nuova Luce ad Elat\u00f2mshim.&#8221;<\/span><\/p>\n<p><span style=\"color: #c0c0c0;\">[Avein &#8211; Genesi]<\/span><\/p>\n<p><span style=\"color: #c0c0c0;\"><strong>Damas<\/strong> \u00e8 il nome designato per il mondo, lo spazio fisico in cui si concentra la vita di tutte le creature nonch\u00e9 lo scenario di ogni evento di cui la storia narra. Il nome appare per la prima volta negli scritti di Avelin e si contrappone a quello di Elat\u00f2mshim, il sole, la fonte di Luce e di Vita.<\/span><\/p>\n<p><span style=\"color: #c0c0c0;\">Possiamo dividere la storia di <strong>Damas<\/strong> in due grandi periodi: prima della storia scritta, e dalla storia scritta ai giorni nostri, o pi\u00f9 precisamente, dalla comparsa storica della figura di Avelin.<\/span><\/p>\n<p><span style=\"color: #c0c0c0;\">Il primo periodo si divide a sua volta in mitologia e racconti orali tramandati; la mitologia racconta le origini di <strong>Damas<\/strong> e di Elat\u00f2mshim in un&#8217;ottica religiosa, priva di dati concreti ma basata su presunte illuminazioni e messaggi che entit\u00e0 superiori hanno comunicato ai pochi eletti, i quali hanno avuto il compito di tramandarli. I pi\u00f9 importanti scritti in questo senso sono la Mitologia Nordica prima, e la Genesi dopo, quest&#8217;ultima scritta da Avelin. I racconti tramandati, invece, sono storie ambientate cronologicamente poco prima dell&#8217;invenzione della scrittura, non parlano dell&#8217;origine di <strong>Damas<\/strong> bens\u00ec della nascita delle civilt\u00e0, da quella elfica a quella umana che si concretizza con la fondazione di Gorth. Di grande importanza storica \u00e8, a tal proposito, &#8220;La Parola di <strong>Damas<\/strong>&#8221; di Gladiel, in cui l&#8217;autore ha approfittato dell&#8217;invenzione della scrittura per fissare e diffondere i racconti orali che si tramandavano da tempo indefinito, e che vengono ambientati nell&#8217;Era Onushrit.<\/span><\/p>\n<p><span style=\"color: #c0c0c0;\">Il secondo periodo, pi\u00f9 preciso grazie all&#8217;invenzione della scrittura e a tutti gli altri indizi che si sono conservati fino ai giorni nostri, \u00e8 diviso in Ere di durata variabile, ognuna delle quali inizia e finisce con radicali cambiamenti nella storia di <strong>Damas<\/strong>. Queste sono in ordine cronologico Onushrit, Comorum, Vanseet, Cadashan, Gavr\u00ecellum, Mahamarum, Bahrhan e Fenegardum.<\/span><\/p>\n<p><span style=\"color: #c0c0c0;\">L&#8217;Era Onushrit (letteralmente, senza scrittura) \u00e8 la pi\u00f9 antica di cui si narra e l&#8217;unica il quale conteggio degli anni avviene a ritroso; questo \u00e8 per una questione di comodit\u00e0 e per la mancanza di un punto d&#8217;inizio, dal momento che tale era \u00e8 considerata semplicemente per distinguere il periodo pre-scrittura da quello post-scrittura. Di conseguenza, per avvenimento avvenuti durante l&#8217;Era Onushrit, viene utilizzato il numero di anni che separa tale avvenimento dall&#8217;era successiva, ad esempio &#8220;Era Onushrit &#8211; 35&#8221;, in cui il meno indica che ci\u00f2 \u00e8 successo 35 anni prima dell&#8217;Era Comorum. L&#8217;Era Onushrit parla principalmente le vicende delle prime civilt\u00e0, gruppi di persone che, da nomadi, si stabilirono in un punto e costruirono attorno a loro ci\u00f2 che gli occorreva, in contrapposizione al comportamento precedetente che prevedeva la continua ricerca del necessario tramite lunghi viaggi e continui spostamenti. I racconti tramandati oralmente, e messi per iscritto in seguito, narrano dello sviluppo della societ\u00e0, della legge, del commercio e dell&#8217;arte nonch\u00e9 dei conflitti tra la nuova concezione &#8211; prettamente umana &#8211; e la vecchia adottata dagli elfi con le successive guerre nel momento in cui gli umani tentarono di espandere i loro confini deturpando l&#8217;ambiente naturale e forzandolo secondo i propri bisogni. L&#8217;Era Onushrit si chiude con l&#8217;invenzione della scrittura ad opera degli elfi di Samarin, e in particolare con l&#8217;apparizione storica di Avelin e della sua filosofia.<\/span><\/p>\n<p><span style=\"color: #c0c0c0;\">L&#8217;Era Comorum (letteralmente, della conoscenza) inizia dall&#8217;invenzione della scrittura e termina 628 anni dopo con lo sviluppo delle grandi citt\u00e0 umane e della societ\u00e0 come organizzazione forte. L&#8217;Era Comorum vede l&#8217;arrivo di una delle figure storiche pi\u00f9 rilevanti, Avelin, ma anche della filosofia dello stesso che ha portato ad una rivoluzione di pensiero, alla ricerca dell&#8217;equilibrio e del&#8217;amore reciproco, nonch\u00e9 alla concettualizzazione della religione e delle nuove credenze, oggi considerate come il consolidamento di una realt\u00e0 ultraterrena nelle vite di tutti noi. Di grandissima importanza storica, in quest&#8217;era, sono i documenti scritti che hanno permesso la diffusione di questa filosofia aldil\u00e0 dei messaggi orali e delle dimostrazioni pratiche di ci\u00f2 che l&#8217;essere di Luce pu\u00f2 realizzare, ad opera dei grandi maghi del tempo; tra questi scritti, ricordiamo le scritture senza titolo di Avelin, gli appunti di Hasham sull&#8217;alchimia (tra cui La Ricetta Sabrah) e il Diario di Bartor. Rilevante in quest&#8217;epoca, \u00e8 anche l&#8217;episodio della Dichiarazione Postuma, primo caso di apparizione sovrannaturale di cui si narra nella storia. Lo sviluppo di Gorth &#8211; che diventa Ferenor &#8211; e la successiva scoperta del ferro, danno il via e caratterizzano l&#8217;era seguente.<\/span><\/p>\n<p><span style=\"color: #c0c0c0;\">L&#8217;Era Vanseet inizia con la fondazione delle citt\u00e0 di Ferenor (prima Gorth), Derrenil, Haben\u00f2r e Trinien e vede la sua massima intensit\u00e0 storica nell&#8217;episodio della scoperta del ferro e la successiva guerra contro i nani. A tal proposito, questo periodo rappresenta il primo incontro tra gli umani e le creature dei monti. Con lo sviluppo crescente della civilt\u00e0 umana, il governo aveva bisogno di spazio per allargare i propri confini nonch\u00e9 di varie risorse naturali tra cui la carta, e si ritrovo in guerra con gli elfi a pi\u00f9 riprese. Fu in quest&#8217;era che le creature dei boschi istituirono l&#8217;ordine dei Damasavalham, un&#8217;organizzazione che aveva lo scopo di respingere gli attacchi alle foreste da parte degli invasori. Sotto il governo di Megus Voilant, Ferenor e le altre citt\u00e0 divennero ancora pi\u00f9 ingorde, e grazie alla scoperta del ferro e alla costruzione di armi in questa nuova lega, ad opera perlopi\u00f9 dei nani, vinsero l&#8217;annosa battaglia contro le creature di Luce. Pochi anni dopo, per\u00f2, sotto il governo di Tarsius Cohlmas, la ribellione dei nani ridimension\u00f2 il potere delle citt\u00e0 umane e il loro controllo sull&#8217;intera <strong>Damas<\/strong>. L&#8217;Era Vanseet dur\u00f2 653 anni, durante i quali la civilt\u00e0 umana aveva fatto passi da gigante e sconvolto, a detta degli elfi, l&#8217;equilibrio naturale forzando la natura stessa dell&#8217;essere vivente in quanto tale.<\/span><\/p>\n<p><span style=\"color: #c0c0c0;\">L&#8217;Era Cadashan inizia con l&#8217;annunciazione sovrannaturale della morte del <strong>Damas Rei<\/strong> da parte di un&#8217;entit\u00e0 ultraterrena a beneficio dei centauri, ed \u00e8 il periodo in cui si concretizza per la prima volta l&#8217;idea del Male come proveniente da un altro mondo che le creature di Luce non possono vedere. Il periodo iniziale \u00e8 caratterizzato dall&#8217;odio tra le creature della superficie di fronte ad una crisi religiosa e di pensiero dovuta alla consapevolezza di non avere un <strong>Damas Rei<\/strong>, che porter\u00e0 le diverse razze a combattersi con maggiore veemenza alla ricerca del male l&#8217;una nelle altre. A rendere il tutto pi\u00f9 tetro e spaventoso, fu la prima fumata che oscur\u00f2 il cielo facendo cadere <strong>Damas<\/strong> nell&#8217;ombra. Le temperature si alzarono e il deserto artico a Horgos si rtir\u00f2 lentamente costringendo i popoli nordici all&#8217;emigrazione. Nella follia generale, elfi e centauri erano intenzionati ad abbattere le citt\u00e0 e il potere della civilt\u00e0 umana, mentre il governatore di Ferenor, Heromus Antes, indisse la caccia ai centauri che port\u00f2 alla cattura e all&#8217;uccisione di molti di essi.<\/span><\/p>\n<p><span style=\"color: #c0c0c0;\">Il secondo periodo vede il sopraggiungere dei duergar dal sottosuolo e il primo attacco delle Creature d&#8217;Ombra in superficie nell&#8217;anno 437, con vittima principalmente la citt\u00e0 di Ferenor, al tempo centro del potere umano; ma la paura pi\u00f9 grande in questo attacco non fu l&#8217;offensiva concreta, bens\u00ec il messaggio del misterioso individuo che con un incantesimo parl\u00f2 a tutti gli abitanti della superficie sostenendo che il nuovo <strong>Damas Rei<\/strong> aveva percorso la strada dell&#8217;Ombra, e desiderava convertire il potere su <strong>Damas<\/strong> a favore della stessa. Quelle con i duergar furono guerre non solo fisiche, ma anche spirituali e di pensiero, in quanto le creature di Luce dovevano dubitare dell&#8217;identit\u00e0 maligna del <strong>Damas Rei<\/strong>, per potergli agire contro e tentare di sovvertire la situazione. Secondo quanto sapevano i centauri, l&#8217;ultimo Damas Rei era morto e aveva lasciato la sua energia in tante sfere luminose che solcavano il cielo; furono le fate a raccoglierle volando silenziose e discrete e, allo stesso tempo, le stesse fate e i centauri rapirono dei neonati umani al fine di far loro assorbire, una volta cresciuti nel Reame Elfico, il potere di <strong>Damas<\/strong>. Questo avvenne quando gli umani furono poco pi\u00f9 che ventenni e tutti insieme sprigionarono la Luce che allontan\u00f2 le nubi nere facendo tornare il giorno su <strong>Damas<\/strong> e costringendo i duergar a ritirarsi nel sottosuolo da dove erano venuti. L&#8217;Era Cadashan termin\u00f2 nell&#8217;anno 468 quando gli umani, divenuti aasimar, istituirono il nuovo ordine mondiale dando inizio all&#8217;Era Gavriellum.<\/span><\/p>\n<p><span style=\"color: #c0c0c0;\">L&#8217;Era Gavriellum inizia al termine della cacciata dei duergar dalla superficie e la centralit\u00e0 del potere spirituale nelle mani degli aasimar (o gavr\u00ecell). Gli aasimar fecero costruire i principali templi dedicati agli dei Gladiel, Mirvas, Valenor, Teberas e Avelin in tutto il territorio di <strong>Damas<\/strong> affinch\u00e8 essi fossero &#8220;recipienti&#8221; della Luce sprigionata dalle creature di superficie, in uno scenario nel quale i popoli delle foreste erano tornati a prevalere sulle citt\u00e0. Le creature d&#8217;Ombra del sottosuolo si mossero facendo respirare i fumo nero ad alcuni esseri umani e generando cos\u00ec i tiefling, nemesi per eccellenza degli aasimar. I tiefling, assieme ai drakan, attaccarono i templi, dove si combatt\u00e8 una grande battaglia per ognuno di essi. Le creature di superficie si allearono per respingere la minaccia e vi ruscirono, vincendo momentaneamente la battaglia, ma la nuova minaccia del sottosuolo colp\u00ec <strong>Damas<\/strong> con la forza di un uragano: i drow fuoriuscirono dai cunicoli che avevano nel tempo scavato e, nonostante l&#8217;alleanza triplice di Ferenor, Trinien e Haben\u00f2r denominata &#8220;Tutto per Ferenor&#8221;, riuscirono a conquistare la capitale Ferenor, che divenne Malakhart, con re un drow di nome Ramaragh. Con la conquista di Ferenor, avvenuta nel&#8217;anno 418, si chiude l&#8217;Era Gavriellum e inizia il Regime del Terrore dell&#8217;Era Mahamarum.<\/span><\/p>\n<p><span style=\"color: #c0c0c0;\">L&#8217;Era Mahamarum inizia con la salita al potere di Ramaragh &#8211; immediata dopo la conquista di Ferenor divenuta Malakhart &#8211; e termina 232 anni dopo con la cacciata dei drow dalla superficie. Gli episodi che caratterizzano il periodo di Ramaragh sono molteplici, ma si possono riassumere esaurientemente in tre punti: la diffusione di una nuova mentalit\u00e0, la ricerca dei discendenti e la disfatta per tradimento di Creamos. Il primo punto riguarda l&#8217;operazione di diffusione culturale operata da Ramaragh affinch\u00e8 i concetti di odio e adorazione della morte non fossero visti come imposti da invasori, bens\u00ec presentati come cosa giusta da coloro che in quel momento gestivano le sorti di <strong>Damas<\/strong>. Si trattava di un progetto che coinvogeva fattori psicologici e conoscitivi e che aveva le sue basi nella formazione dei nuovi nati affinch\u00e8 crescessero con gli stessi concetti con cui erano cresciuti i drow del sottosuolo, apprendendo le stesse cose e sviluppando la medesima visione del mondo. \u00c8 di questo periodo la nascita di Hubenor, inizialmente sorta come roccaforte di difesa e ribellione verso gli invasori dei templi e poi cresciuta come citt\u00e0 a tutti gli effetti. Il secondo punto riguarda la ricerca di Ramaragh dei discendenti dei chierici di Avelin, coloro che assistettero alla Dichiarazione Postuma e ne furono protagonisti. Nonostante non ci fosse neanche la certezza che tali discendenti esistessero &#8211; n\u00e9 che fossero consapevoli di essere imparentati con quei chierici &#8211; Ramaragh condusse il suo progetto nella maniera pi\u00f9 barbara: fece costruire la Torre delle Torture dove deport\u00f2 esseri umani e li tortur\u00f2 ricattando i discendenti di uscire allo scoperto. Il controllo dei drow su due regioni divenne totale quando Bearthgreth sal\u00ec al potere a Hubenor. I veri discendenti si presentarono al Reame Elfico d&#8217;Occidente mentre a Malakhart scoppi\u00f2 la rivolta degli umani, incoraggiata dalle altre rivolte che stavano avvenendo dalle altre parti di <strong>Damas<\/strong>, e l&#8217;esercito denominato Fiamme della Libert\u00e0 si stacc\u00f2 dalla citt\u00e0, si alle\u00f2 con i rivoltosi di Hubenor e del Reame Elfico d&#8217;Occidente e attacc\u00f2 la Torre delle Torture liberando i prigionieri. Al contempo, per\u00f2, Creamos vinse la battaglia contro i nordici e prese il controllo di Terast. Ma l&#8217;esempio delle Fiamme della Libert\u00e0 aveva dette coraggio ai cittadini di Malakhart che ebbero la forza di organizzare delle rivolte interne, che Ramaragh represse con la violenza. La pi\u00f9 cruenta delle battaglie, La Guerra Civile di Malakhart, spacc\u00f2 la citt\u00e0 nera nel suo nucleo, Ramaragh fu costretto a fuggire e si ritir\u00f2 a Terast, dove Creamos si propose di ospitarlo e lo fece uccidere in maniera atroce durante la notte. Da quel momnto, Creamos prese il comando delle forze d&#8217;Ombra su <strong>Damas<\/strong>, mentre i rivoltosi erano entrati in possesso delle reliquie consegnate dai discendenti in persona agli elfi del Reame Elfico d&#8217;Occidente e avanzavano verso i templi per riconquistarli. Uno dei discendenti, per\u00f2, aveva tradito gli altri e aveva consegnato la sua reliquia a Creamos. Quest&#8217;ultimo, la utilizz\u00f2 per evocare il Grahmer, il drago nero, che attacc\u00f2 i ribelli dando loro poca speranza di vittoria. Ma fu solo questione di tempo, finch\u00e8 tutte le reliquie non furono consegnate ai templi. L&#8217;ultima, e pi\u00f9 difficile, fu portata al tempio di Valenor da un esercito comandato da Lonwald Baihster, celebre eroe nordico. Al termine della consegna, gli aasimar evocarono dalle profondit\u00e0 di <strong>Damas<\/strong>, il Rayshan, lo Sharamar e il Valaidor, i draghi rossi, verdi e bianchi che affrontarono il Grahmer sconfiggendolo nella Grande Battaglia Ferale, ad oggi considerato l&#8217;evento pi\u00f9 spettacolare della storia di <strong>Damas<\/strong>. Con la cacciata dei drow dalla superficie, tra le regioni torn\u00f2 la pace ma non l&#8217;equilibrio: Malakhart cambi\u00f2 nome in Fenegard (da Calcus Fenegard, primo governatore) e Trinien venne nominata centro del Sacro Regno Capitale, con re Hen Gamoth.<\/span><\/p>\n<p><span style=\"color: #c0c0c0;\">L&#8217;Era Bahrhan inizia con l&#8217;istituzione del Sacro Regno Capitale ed \u00e8 caratterizzata dal predominio economico di Trinien, e Samarin in generale, sul resto del mondo. Tale predominio penalizzava specialmente Nuova Hubenor che si ribell\u00f2 agli spropositati prezzi di mercato imposti da Trinien. L&#8217;esercito di Nuova Hubenor si mise in marcia segretamente verso Trinien, facendo tappa a Veinul per ottenere aiuti e risorse. L&#8217;aiuto fu negato e ben presto nacque una guerra interna che vide l&#8217;esercito di Nuova Hubenor vincitore e gli elfi di Veinul costretti a restare in citt\u00e0 senza la possibilit\u00e0 di uscire, in quella che pass\u00f2 alla storia come la Prigionia di Veinul. Questo perch\u00e9 l&#8217;esercito non voleva che il Reame Elfico d&#8217;Oriente venisse allertato, o ci\u00f2 avrebbe vanificato la discrezione dell&#8217;operazione. Proseguendo nell&#8217;avanzata, Nuova Hubenor si trov\u00f2 davanti Colodial e l\u00ec necessitava di nuove risorse. Qui, l&#8217;esercito si finse una banda di briganti e saccheggi\u00f2 la citt\u00e0 (Saccheggio di Colodial) ma una volta uscito, si trov\u00f2 contro il Reame Elfico d&#8217;Occidente che lo bracc\u00f2 e, messa al corrente Trinien, l&#8217;esercito di Samarin spinse quello di Nuova Hubenor verso il deserto di Barathac, dove quasi tutti i soldati morirono. Nel frattempo, il Reame Elfico d&#8217;Oriente liberava Veinul dalla prigionia affrontando e cacciando gli uomini del kvasnak Vladjuk Shishamoka. Dopo la morte di quest&#8217;ultimo, a Nuova Hubenor inizi\u00f2 una guerriglia interna tra le opposte fazioni dei Jeerzakov e dei Kvasnakov per stabilire la forma di governo da adottare, e nel frattempo, il potere fu preso momentaneamente dal figlio del kvasnak scomparso, Gjevna Shishamoka, umano, ad appena quattordici anni. Quest&#8217;ultimo attacc\u00f2 l&#8217;agglomerato urbano di Deresje convinto che l\u00ec vi fossero gli assassini del padre, ma fu poi impegnato a fronteggiare due offensive ben pi\u00f9 gravi: la rivolta cittadina e l&#8217;attacco di Veinul, che che si chiuse dieci giorni dopo con la devastazione della capitale di Learon, il crollo del Palazzo del Kvasnak e la piet\u00e0 di Unular Mhanwe verso Shishamoka. Quest&#8217;ultimo fu costretto poco tempo dopo a lasciare il posto al rivoluzionario Torovar Wakau, che aveva condotto una battaglia diplomatica parlando in piazza e fu eletto kvasnak per volere del popolo. Wakau punter\u00e0 ad una economia di sussistenza e alla collaborazione di tutte le citt\u00e0 di Learon, progetto che vedr\u00e0 la sua concreta ufficializzazione solo nell&#8217;anno 118, sotto il comando di Rijede Tomioka. La seconda parte dell&#8217;Era Bahrhan vide la risalita economica di Learon e Horgos anche grazie all&#8217;esplorazione del sottosuolo al fine di raccogliere nuove materie prime. Questo caus\u00f2 contatti con i popoli d&#8217;Ombra, che fecero prigionieri tutti coloro che vennero trovati e condotti a Renor Valbyl, la citt\u00e0 di Gotrir. Questi vennero depredati dell&#8217;anima attraverso il processo dell&#8217;estrazione bianca, energia che drow e duergar trasformavano in ombra per riempire la bolla nell&#8217;Abisso creata da Morgra D&#8217;rhirle che, una volta raggiunta la saturazione, avrebbe fatto resuscitare il Grahmer. Allo stesso tempo, uno stregone drow diffuse attraverso i cunicoli una maledizione (la Terza Fumata) che allert\u00f2 le popolazione di superficie e caus\u00f2 la malattia dei draghi; elfi, centauri e fate ne misero in salvo le uova mentre i draghi, morenti, si innervosirono e si comportarono aggressivamente come imbizzarriti. Si ricordano l&#8217;Attacco di Thoro e quello a Trinien che decret\u00f2 la fine del Regime Capitale e dell&#8217;Era Bahrhan il giorno Artiglio del Ghiaccio &#8211; Leyas 4 &#8211; Era Bahrhan, anno 172.<\/span><\/p>\n<p><span style=\"color: #c0c0c0;\">L&#8217;Era Fenegardum inizia con Fenegard come capitale di Samarin ed \u00e8 cos\u00ec chiamata per via dell&#8217;influenza che tale citt\u00e0 esercita su tutta <strong>Damas<\/strong>. Difatti, dopo il diradamento del fumo nero e la quasi totale sparizione dei draghi, Fenegard aiuta Trinien nella ricostruzione &#8211; che avviene in pochissimi anni &#8211; e propone accordi economici con Nuova Hubenor e Terast che la vedono come centro del commercio mondiale. Terast accetta subito, Nuova Hubenor lo far\u00e0 solo diciotto anni dopo. I cunicoli verso Gotrir vengono chiusi tutti ad eccezione di uno, nella zona orientale di Horgos, e questo \u00e8 sufficiente ai drow per catturare e prendere in ostaggio, nell&#8217;anno 29, un gruppo di elfi al fine di estorcere loro l&#8217;informazione su dove si trovino le uova di drago. I prigionieri non parlarono, alcuni di loro riuscirono a fuggire e raccontarono di come la guerra tra Luce e Ombra sia sempre viva e accesa.<\/span><\/p>\n<p style=\"text-align: justify;\"><strong><span style=\"color: #c0c0c0;\"><span style=\"color: #800000;\">Link:<\/span> <a title=\"Damas Rei\" href=\"https:\/\/www.damasrei.it\" target=\"_blank\">https:\/\/www.damasrei.it<\/a><\/span><\/strong><br \/>\n<strong><span style=\"color: #c0c0c0;\"><span style=\"color: #800000;\">Linguaggi utilizzati:<\/span> HTML5\/CSS, PHP e AJAX\u00a0 <\/span><\/strong><br \/>\n<strong><span style=\"color: #c0c0c0;\"><span style=\"color: #800000;\">Genere:<\/span> Fantasy<\/span><\/strong><br \/>\n<strong><span style=\"color: #c0c0c0;\"><span style=\"color: #800000;\">Prima pubblicazione:<\/span> 10\/04\/2013<\/span><\/strong><\/p>\n<p style=\"text-align: justify;\"><code><code>[print_gllr id=43]<\/code><\/code><\/p>\n","protected":false},"excerpt":{"rendered":"<p>&nbsp; Descrizione: \u00a0\u00a0\u00a0\u00a0\u00a0\u00a0\u00a0\u00a0\u00a0\u00a0\u00a0\u00a0\u00a0\u00a0\u00a0\u00a0\u00a0\u00a0 \u00a0 \u00a0\u00a0\u00a0\u00a0\u00a0\u00a0\u00a0\u00a0\u00a0\u00a0\u00a0\u00a0\u00a0\u00a0\u00a0\u00a0\u00a0\u00a0\u00a0 &#8220;Egli fece Damas e la popol\u00f2 di tanti esseri viventi: cre\u00f2 la terra, gli alberi, le piante e maestose creature che poteano librarsi nell&#8217;aere o muoversi al suolo. E questi vissero, e donarono sempre nuova Luce ad Elat\u00f2mshim.&#8221; [Avein &#8211; Genesi] Damas \u00e8 il nome designato per il mondo, lo [&hellip;]<\/p>\n","protected":false},"author":1,"featured_media":0,"parent":0,"menu_order":3,"comment_status":"open","ping_status":"open","template":"","meta":[],"_links":{"self":[{"href":"https:\/\/www.florin.it\/index.php?rest_route=\/wp\/v2\/pages\/25"}],"collection":[{"href":"https:\/\/www.florin.it\/index.php?rest_route=\/wp\/v2\/pages"}],"about":[{"href":"https:\/\/www.florin.it\/index.php?rest_route=\/wp\/v2\/types\/page"}],"author":[{"embeddable":true,"href":"https:\/\/www.florin.it\/index.php?rest_route=\/wp\/v2\/users\/1"}],"replies":[{"embeddable":true,"href":"https:\/\/www.florin.it\/index.php?rest_route=%2Fwp%2Fv2%2Fcomments&post=25"}],"version-history":[{"count":6,"href":"https:\/\/www.florin.it\/index.php?rest_route=\/wp\/v2\/pages\/25\/revisions"}],"predecessor-version":[{"id":57,"href":"https:\/\/www.florin.it\/index.php?rest_route=\/wp\/v2\/pages\/25\/revisions\/57"}],"wp:attachment":[{"href":"https:\/\/www.florin.it\/index.php?rest_route=%2Fwp%2Fv2%2Fmedia&parent=25"}],"curies":[{"name":"wp","href":"https:\/\/api.w.org\/{rel}","templated":true}]}}